{"id":1620,"date":"2021-03-20T21:57:25","date_gmt":"2021-03-20T21:57:25","guid":{"rendered":"https:\/\/italiancanyoning.it\/idea-regalo-canyoning\/"},"modified":"2025-02-05T14:32:29","modified_gmt":"2025-02-05T14:32:29","slug":"bons-cadeaux-canyoning","status":"publish","type":"page","link":"https:\/\/testsito.italiancanyoning.it\/fr\/bons-cadeaux-canyoning\/","title":{"rendered":"Id\u00e9e de cadeau"},"content":{"rendered":"<div class=\"wpb-content-wrapper\"><p>[vc_row full_width=\u00a0\u00bbstretch_row_content\u00a0\u00bb css_animation=\u00a0\u00bbfadeIn\u00a0\u00bb css=\u00a0\u00bb.vc_custom_1737634045367{background-color: #FFFFFF !important;}\u00a0\u00bb][vc_column width=\u00a0\u00bb1\/2&Prime;][vc_custom_heading text=\u00a0\u00bbCadeau pour l&rsquo;aventure!\u00a0\u00bb font_container=\u00a0\u00bbtag:h4|font_size:36|text_align:left|color:%23D1955E\u00a0\u00bb use_theme_fonts=\u00a0\u00bbyes\u00a0\u00bb css=\u00a0\u00bb\u00a0\u00bb][vc_custom_heading text=\u00a0\u00bbACHETEZ UN BON POUR UN ITIN\u00c9RAIRE DANS NOS BELLES RIVI\u00c8RES !\u00a0\u00bb font_container=\u00a0\u00bbtag:h2|font_size:45|text_align:left|color:%2326456A\u00a0\u00bb use_theme_fonts=\u00a0\u00bbyes\u00a0\u00bb css=\u00a0\u00bb\u00a0\u00bb][\/vc_column][vc_column width=\u00a0\u00bb1\/2&Prime;][vc_single_image image=\u00a0\u00bb2067&Prime; img_size=\u00a0\u00bb800&#215;400&Prime; alignment=\u00a0\u00bbcenter\u00a0\u00bb style=\u00a0\u00bbvc_box_shadow_border\u00a0\u00bb css=\u00a0\u00bb\u00a0\u00bb][\/vc_column][\/vc_row][vc_row full_width=\u00a0\u00bbstretch_row_content\u00a0\u00bb css_animation=\u00a0\u00bbfadeIn\u00a0\u00bb css=\u00a0\u00bb.vc_custom_1738329737571{padding-top: 30px !important;background: #F3E8D7 url(https:\/\/testsito.italiancanyoning.it\/wp-content\/uploads\/2023\/10\/Texture-1-1bianca.svg?id=3605) !important;background-position: center !important;background-repeat: no-repeat !important;background-size: cover !important;}\u00a0\u00bb][vc_column width=\u00a0\u00bb1\/3&Prime;][vc_single_image image=\u00a0\u00bb1111&Prime; img_size=\u00a0\u00bb600&#215;300&Prime; alignment=\u00a0\u00bbcenter\u00a0\u00bb style=\u00a0\u00bbvc_box_shadow_border\u00a0\u00bb css=\u00a0\u00bb\u00a0\u00bb][vc_column_text css=\u00a0\u00bb\u00a0\u00bb]<\/p>\n<div class=\"elementor-element elementor-element-93cf92e e-flex e-con-boxed e-con e-child\" data-id=\"93cf92e\" data-element_type=\"container\" data-settings=\"{&quot;content_width&quot;:&quot;boxed&quot;}\">\n<div class=\"e-con-inner\">\n<h3><span style=\"color: #26456a;\">01<\/span><\/h3>\n<h3>Canyoning surprise<\/h3>\n<p>Une id\u00e9e amusante et diff\u00e9rente des cadeaux habituels. Offrir une journ\u00e9e de canyoning, c&rsquo;est offrir une exp\u00e9rience unique : une activit\u00e9 o\u00f9 le plaisir de la d\u00e9couverte des milieux naturels s&rsquo;allie \u00e0 un sport passionnant et riche en adr\u00e9naline.<\/p>\n<\/div>\n<\/div>\n<p>[\/vc_column_text][\/vc_column][vc_column width=\u00a0\u00bb1\/3&Prime;][vc_single_image image=\u00a0\u00bb1109&Prime; img_size=\u00a0\u00bb600&#215;300&Prime; alignment=\u00a0\u00bbcenter\u00a0\u00bb style=\u00a0\u00bbvc_box_shadow_border\u00a0\u00bb css=\u00a0\u00bb\u00a0\u00bb][vc_column_text css=\u00a0\u00bb\u00a0\u00bb]<\/p>\n<div class=\"elementor-element elementor-element-93cf92e e-flex e-con-boxed e-con e-child\" data-id=\"93cf92e\" data-element_type=\"container\" data-settings=\"{&quot;content_width&quot;:&quot;boxed&quot;}\">\n<div class=\"e-con-inner\">\n<h3><span style=\"color: #26456a;\">02<\/span><\/h3>\n<h3>Canyoning amoureux<\/h3>\n<p>Offrez \u00e0 votre partenaire une journ\u00e9e d&rsquo;aventure en canyoning en couple. Un\u2019attivit\u00e0 sportiva e divertente che vi porter\u00e0 a scoprire ambienti naturali eccezionali e ancora poco frequentati.<\/p>\n<\/div>\n<\/div>\n<p>[\/vc_column_text][\/vc_column][vc_column width=\u00a0\u00bb1\/3&Prime;][vc_single_image image=\u00a0\u00bb1091&Prime; img_size=\u00a0\u00bb600&#215;300&Prime; alignment=\u00a0\u00bbcenter\u00a0\u00bb style=\u00a0\u00bbvc_box_shadow_border\u00a0\u00bb css=\u00a0\u00bb\u00a0\u00bb][vc_column_text css=\u00a0\u00bb\u00a0\u00bb]<\/p>\n<div class=\"elementor-element elementor-element-93cf92e e-flex e-con-boxed e-con e-child\" data-id=\"93cf92e\" data-element_type=\"container\" data-settings=\"{&quot;content_width&quot;:&quot;boxed&quot;}\">\n<div class=\"e-con-inner\">\n<h3><span style=\"color: #26456a;\">03<\/span><\/h3>\n<h3>Canyoning priv\u00e9<\/h3>\n<p>Passez une belle journ\u00e9e avec vos personnes pr\u00e9f\u00e9r\u00e9es en pleine nature ! Activit\u00e9 id\u00e9ale pour un enterrement de vie de gar\u00e7on ou de jeune fille, une sortie en famille ou entre amis. Vous pouvez choisir de r\u00e9server le guide pour votre groupe et rendre l&rsquo;exp\u00e9rience encore plus unique.<\/p>\n<\/div>\n<\/div>\n<p>[\/vc_column_text][\/vc_column][\/vc_row][vc_row full_width=\u00a0\u00bbstretch_row_content_no_spaces\u00a0\u00bb css_animation=\u00a0\u00bbnone\u00a0\u00bb][vc_column width=\u00a0\u00bb1\/2&Prime; css=\u00a0\u00bb.vc_custom_1737540970169{background-image: url(https:\/\/testsito.italiancanyoning.it\/wp-content\/uploads\/2022\/01\/canyoning-rio-selvano-15_websize.jpg?id=935) !important;background-position: center !important;background-repeat: no-repeat !important;background-size: cover !important;}\u00a0\u00bb][vc_empty_space height=\u00a0\u00bb700px\u00a0\u00bb][\/vc_column][vc_column width=\u00a0\u00bb1\/2&Prime; css=\u00a0\u00bb.vc_custom_1737541948439{margin-right: 5% !important;margin-left: 5% !important;}\u00a0\u00bb][vc_column_text css=\u00a0\u00bb.vc_custom_1738765947524{margin-right: 5% !important;}\u00a0\u00bb]<\/p>\n<h2>Contactez-nous !<\/h2>\n<p>N&rsquo;H\u00c9SITEZ PAS \u00c0 NOUS CONTACTER POUR TOUTE QUESTION OU INFORMATION, NOUS VOUS R\u00c9PONDRONS DANS LES PLUS BREFS D\u00c9LAIS.<\/p>\n<h4>T\u00e9l: +39 328 4697777<\/h4>\n<h4>Email: <a href=\"mailto:info@italiancanyoning.it\">info@italiancanyoning.it<\/a><\/h4>\n<p>[\/vc_column_text][dhvc_form id=\u00a0\u00bb7124&Prime;][\/vc_column][\/vc_row]<\/p>\n<\/div>","protected":false},"excerpt":{"rendered":"<p>[vc_row full_width=\u00a0\u00bbstretch_row_content\u00a0\u00bb css_animation=\u00a0\u00bbfadeIn\u00a0\u00bb css=\u00a0\u00bb.vc_custom_1737634045367{background-color: #FFFFFF !important;}\u00a0\u00bb][vc_column width=\u00a0\u00bb1\/2&Prime;][vc_custom_heading text=\u00a0\u00bbCadeau pour l&rsquo;aventure!\u00a0\u00bb [&hellip;]<\/p>\n","protected":false},"author":3,"featured_media":0,"parent":0,"menu_order":0,"comment_status":"closed","ping_status":"closed","template":"template-fullwidth-no-heading.php","meta":{"footnotes":""},"class_list":["post-1620","page","type-page","status-publish","hentry"],"yoast_head":"<!-- This site is optimized with the Yoast SEO plugin v24.4 - https:\/\/yoast.com\/wordpress\/plugins\/seo\/ -->\n<title>Id\u00e9e de cadeau - Itaca Canyoning<\/title>\n<meta name=\"robots\" content=\"index, follow, max-snippet:-1, max-image-preview:large, max-video-preview:-1\" \/>\n<link rel=\"canonical\" href=\"https:\/\/testsito.italiancanyoning.it\/fr\/bons-cadeaux-canyoning\/\" \/>\n<meta property=\"og:locale\" content=\"fr_FR\" \/>\n<meta property=\"og:type\" content=\"article\" \/>\n<meta property=\"og:title\" content=\"Id\u00e9e de cadeau - Itaca Canyoning\" \/>\n<meta property=\"og:description\" content=\"[vc_row full_width=\u00a0\u00bbstretch_row_content\u00a0\u00bb css_animation=\u00a0\u00bbfadeIn\u00a0\u00bb css=\u00a0\u00bb.vc_custom_1737634045367{background-color: #FFFFFF !important;}\u00a0\u00bb][vc_column width=\u00a0\u00bb1\/2&Prime;][vc_custom_heading text=\u00a0\u00bbCadeau pour l&rsquo;aventure!\u00a0\u00bb [&hellip;]\" \/>\n<meta property=\"og:url\" content=\"https:\/\/testsito.italiancanyoning.it\/fr\/bons-cadeaux-canyoning\/\" \/>\n<meta property=\"og:site_name\" content=\"Itaca Canyoning\" \/>\n<meta property=\"article:modified_time\" content=\"2025-02-05T14:32:29+00:00\" \/>\n<meta name=\"twitter:card\" content=\"summary_large_image\" \/>\n<meta name=\"twitter:label1\" content=\"Dur\u00e9e de lecture estim\u00e9e\" \/>\n\t<meta name=\"twitter:data1\" content=\"2 minutes\" \/>\n<script type=\"application\/ld+json\" class=\"yoast-schema-graph\">{\"@context\":\"https:\/\/schema.org\",\"@graph\":[{\"@type\":\"WebPage\",\"@id\":\"https:\/\/testsito.italiancanyoning.it\/fr\/bons-cadeaux-canyoning\/\",\"url\":\"https:\/\/testsito.italiancanyoning.it\/fr\/bons-cadeaux-canyoning\/\",\"name\":\"Id\u00e9e de cadeau - Itaca Canyoning\",\"isPartOf\":{\"@id\":\"https:\/\/testsito.italiancanyoning.it\/fr\/#website\"},\"datePublished\":\"2021-03-20T21:57:25+00:00\",\"dateModified\":\"2025-02-05T14:32:29+00:00\",\"breadcrumb\":{\"@id\":\"https:\/\/testsito.italiancanyoning.it\/fr\/bons-cadeaux-canyoning\/#breadcrumb\"},\"inLanguage\":\"fr-FR\",\"potentialAction\":[{\"@type\":\"ReadAction\",\"target\":[\"https:\/\/testsito.italiancanyoning.it\/fr\/bons-cadeaux-canyoning\/\"]}]},{\"@type\":\"BreadcrumbList\",\"@id\":\"https:\/\/testsito.italiancanyoning.it\/fr\/bons-cadeaux-canyoning\/#breadcrumb\",\"itemListElement\":[{\"@type\":\"ListItem\",\"position\":1,\"name\":\"Home\",\"item\":\"https:\/\/testsito.italiancanyoning.it\/fr\/home-type-a\/\"},{\"@type\":\"ListItem\",\"position\":2,\"name\":\"Id\u00e9e de cadeau\"}]},{\"@type\":\"WebSite\",\"@id\":\"https:\/\/testsito.italiancanyoning.it\/fr\/#website\",\"url\":\"https:\/\/testsito.italiancanyoning.it\/fr\/\",\"name\":\"Itaca Canyoning\",\"description\":\"Scivola nell&#039;avventura, l&#039;esperienza del torrentismo ti aspetta!\",\"publisher\":{\"@id\":\"https:\/\/testsito.italiancanyoning.it\/fr\/#organization\"},\"potentialAction\":[{\"@type\":\"SearchAction\",\"target\":{\"@type\":\"EntryPoint\",\"urlTemplate\":\"https:\/\/testsito.italiancanyoning.it\/fr\/?s={search_term_string}\"},\"query-input\":{\"@type\":\"PropertyValueSpecification\",\"valueRequired\":true,\"valueName\":\"search_term_string\"}}],\"inLanguage\":\"fr-FR\"},{\"@type\":\"Organization\",\"@id\":\"https:\/\/testsito.italiancanyoning.it\/fr\/#organization\",\"name\":\"Itaca Canyoning\",\"url\":\"https:\/\/testsito.italiancanyoning.it\/fr\/\",\"logo\":{\"@type\":\"ImageObject\",\"inLanguage\":\"fr-FR\",\"@id\":\"https:\/\/testsito.italiancanyoning.it\/fr\/#\/schema\/logo\/image\/\",\"url\":\"https:\/\/testsito.italiancanyoning.it\/wp-content\/uploads\/2024\/12\/itaca-canyoning-logo60.png\",\"contentUrl\":\"https:\/\/testsito.italiancanyoning.it\/wp-content\/uploads\/2024\/12\/itaca-canyoning-logo60.png\",\"width\":215,\"height\":60,\"caption\":\"Itaca Canyoning\"},\"image\":{\"@id\":\"https:\/\/testsito.italiancanyoning.it\/fr\/#\/schema\/logo\/image\/\"}}]}<\/script>\n<!-- \/ Yoast SEO plugin. -->","yoast_head_json":{"title":"Id\u00e9e de cadeau - Itaca Canyoning","robots":{"index":"index","follow":"follow","max-snippet":"max-snippet:-1","max-image-preview":"max-image-preview:large","max-video-preview":"max-video-preview:-1"},"canonical":"https:\/\/testsito.italiancanyoning.it\/fr\/bons-cadeaux-canyoning\/","og_locale":"fr_FR","og_type":"article","og_title":"Id\u00e9e de cadeau - Itaca Canyoning","og_description":"[vc_row full_width=\u00a0\u00bbstretch_row_content\u00a0\u00bb css_animation=\u00a0\u00bbfadeIn\u00a0\u00bb css=\u00a0\u00bb.vc_custom_1737634045367{background-color: #FFFFFF !important;}\u00a0\u00bb][vc_column width=\u00a0\u00bb1\/2&Prime;][vc_custom_heading text=\u00a0\u00bbCadeau pour l&rsquo;aventure!\u00a0\u00bb [&hellip;]","og_url":"https:\/\/testsito.italiancanyoning.it\/fr\/bons-cadeaux-canyoning\/","og_site_name":"Itaca Canyoning","article_modified_time":"2025-02-05T14:32:29+00:00","twitter_card":"summary_large_image","twitter_misc":{"Dur\u00e9e de lecture estim\u00e9e":"2 minutes"},"schema":{"@context":"https:\/\/schema.org","@graph":[{"@type":"WebPage","@id":"https:\/\/testsito.italiancanyoning.it\/fr\/bons-cadeaux-canyoning\/","url":"https:\/\/testsito.italiancanyoning.it\/fr\/bons-cadeaux-canyoning\/","name":"Id\u00e9e de cadeau - Itaca Canyoning","isPartOf":{"@id":"https:\/\/testsito.italiancanyoning.it\/fr\/#website"},"datePublished":"2021-03-20T21:57:25+00:00","dateModified":"2025-02-05T14:32:29+00:00","breadcrumb":{"@id":"https:\/\/testsito.italiancanyoning.it\/fr\/bons-cadeaux-canyoning\/#breadcrumb"},"inLanguage":"fr-FR","potentialAction":[{"@type":"ReadAction","target":["https:\/\/testsito.italiancanyoning.it\/fr\/bons-cadeaux-canyoning\/"]}]},{"@type":"BreadcrumbList","@id":"https:\/\/testsito.italiancanyoning.it\/fr\/bons-cadeaux-canyoning\/#breadcrumb","itemListElement":[{"@type":"ListItem","position":1,"name":"Home","item":"https:\/\/testsito.italiancanyoning.it\/fr\/home-type-a\/"},{"@type":"ListItem","position":2,"name":"Id\u00e9e de cadeau"}]},{"@type":"WebSite","@id":"https:\/\/testsito.italiancanyoning.it\/fr\/#website","url":"https:\/\/testsito.italiancanyoning.it\/fr\/","name":"Itaca Canyoning","description":"Scivola nell&#039;avventura, l&#039;esperienza del torrentismo ti aspetta!","publisher":{"@id":"https:\/\/testsito.italiancanyoning.it\/fr\/#organization"},"potentialAction":[{"@type":"SearchAction","target":{"@type":"EntryPoint","urlTemplate":"https:\/\/testsito.italiancanyoning.it\/fr\/?s={search_term_string}"},"query-input":{"@type":"PropertyValueSpecification","valueRequired":true,"valueName":"search_term_string"}}],"inLanguage":"fr-FR"},{"@type":"Organization","@id":"https:\/\/testsito.italiancanyoning.it\/fr\/#organization","name":"Itaca Canyoning","url":"https:\/\/testsito.italiancanyoning.it\/fr\/","logo":{"@type":"ImageObject","inLanguage":"fr-FR","@id":"https:\/\/testsito.italiancanyoning.it\/fr\/#\/schema\/logo\/image\/","url":"https:\/\/testsito.italiancanyoning.it\/wp-content\/uploads\/2024\/12\/itaca-canyoning-logo60.png","contentUrl":"https:\/\/testsito.italiancanyoning.it\/wp-content\/uploads\/2024\/12\/itaca-canyoning-logo60.png","width":215,"height":60,"caption":"Itaca Canyoning"},"image":{"@id":"https:\/\/testsito.italiancanyoning.it\/fr\/#\/schema\/logo\/image\/"}}]}},"_links":{"self":[{"href":"https:\/\/testsito.italiancanyoning.it\/fr\/wp-json\/wp\/v2\/pages\/1620","targetHints":{"allow":["GET"]}}],"collection":[{"href":"https:\/\/testsito.italiancanyoning.it\/fr\/wp-json\/wp\/v2\/pages"}],"about":[{"href":"https:\/\/testsito.italiancanyoning.it\/fr\/wp-json\/wp\/v2\/types\/page"}],"author":[{"embeddable":true,"href":"https:\/\/testsito.italiancanyoning.it\/fr\/wp-json\/wp\/v2\/users\/3"}],"replies":[{"embeddable":true,"href":"https:\/\/testsito.italiancanyoning.it\/fr\/wp-json\/wp\/v2\/comments?post=1620"}],"version-history":[{"count":8,"href":"https:\/\/testsito.italiancanyoning.it\/fr\/wp-json\/wp\/v2\/pages\/1620\/revisions"}],"predecessor-version":[{"id":7614,"href":"https:\/\/testsito.italiancanyoning.it\/fr\/wp-json\/wp\/v2\/pages\/1620\/revisions\/7614"}],"wp:attachment":[{"href":"https:\/\/testsito.italiancanyoning.it\/fr\/wp-json\/wp\/v2\/media?parent=1620"}],"curies":[{"name":"wp","href":"https:\/\/api.w.org\/{rel}","templated":true}]}}