{"id":1604,"date":"2021-04-21T08:53:30","date_gmt":"2021-04-21T08:53:30","guid":{"rendered":"https:\/\/italiancanyoning.it\/informazioni-canyoning\/"},"modified":"2025-02-05T13:54:03","modified_gmt":"2025-02-05T13:54:03","slug":"info-canyoning-italie","status":"publish","type":"page","link":"https:\/\/testsito.italiancanyoning.it\/fr\/info-canyoning-italie\/","title":{"rendered":"Informations"},"content":{"rendered":"<div class=\"wpb-content-wrapper\"><p>[vc_row full_width=\u00a0\u00bbstretch_row_content\u00a0\u00bb css_animation=\u00a0\u00bbfadeIn\u00a0\u00bb css=\u00a0\u00bb.vc_custom_1738329662073{background: #A7BBBC url(https:\/\/testsito.italiancanyoning.it\/wp-content\/uploads\/2021\/03\/Texture-1-1.svg?id=437) !important;background-position: center !important;background-repeat: no-repeat !important;background-size: cover !important;border-color: #A7BBBC00 !important;}\u00a0\u00bb][vc_column width=\u00a0\u00bb3\/4&Prime;][vc_custom_heading text=\u00a0\u00bbAu moment de la r\u00e9servation, nous choisissons ensemble l&rsquo;itin\u00e9raire qui vous convient le mieux\u00a0\u00bb font_container=\u00a0\u00bbtag:h1|font_size:40|text_align:left|color:%23FFFFFF\u00a0\u00bb use_theme_fonts=\u00a0\u00bbyes\u00a0\u00bb css=\u00a0\u00bb.vc_custom_1738755152094{margin-right: 3% !important;margin-bottom: 50px !important;margin-left: 3% !important;}\u00a0\u00bb][\/vc_column][vc_column width=\u00a0\u00bb1\/4&Prime;][\/vc_column][\/vc_row][vc_row full_width=\u00a0\u00bbstretch_row_content_no_spaces\u00a0\u00bb parallax=\u00a0\u00bbcontent-moving\u00a0\u00bb parallax_image=\u00a0\u00bb1099&Prime; parallax_speed_bg=\u00a0\u00bb3.5&Prime; css_animation=\u00a0\u00bbfadeIn\u00a0\u00bb css=\u00a0\u00bb.vc_custom_1738329669832{background-position: center;background-repeat: no-repeat;background-size: cover !important;}\u00a0\u00bb el_class=\u00a0\u00bbsopra\u00a0\u00bb][vc_column][vc_row_inner css=\u00a0\u00bb.vc_custom_1737476816120{margin-right: 5% !important;margin-left: 5% !important;}\u00a0\u00bb][vc_column_inner css=\u00a0\u00bb.vc_custom_1737476812592{background-color: #E5E3DC00 !important;}\u00a0\u00bb][vc_column_text css=\u00a0\u00bb.vc_custom_1738755242141{padding-top: 20px !important;padding-right: 20px !important;padding-bottom: 20px !important;padding-left: 20px !important;background-color: #E5E3DC !important;background-position: center !important;background-repeat: no-repeat !important;background-size: cover !important;}\u00a0\u00bb el_class=\u00a0\u00bbsopra\u00a0\u00bb]<\/p>\n<h2>COMMENT CHOISIR SON CANYON<\/h2>\n<p>Le <a href=\"\/fr\/canyoning\/\">canyoning<\/a> est une activit\u00e9 plut\u00f4t accessible techniquement.<br \/>\nLors de la r\u00e9servation, nous choisirons ensemble l&rsquo;itin\u00e9raire le plus adapt\u00e9 \u00e0 votre niveau et \u00e0 vos souhaits.<br \/>\nLes itin\u00e9raires pr\u00e9sent\u00e9s ne sont jamais extr\u00eames, allant de l&rsquo;initiation \u00e0 la descente la plus sportive. M\u00eame pour les parcours les plus simples, une bonne motivation et la conscience d&rsquo;entreprendre une activit\u00e9 sportive qui demande un minimum d&rsquo;effort physique sont n\u00e9cessaires.<br \/>\nDe m\u00eame, il est important de ne pas avoir de phobies li\u00e9es \u00e0 l&rsquo;eau et aux hauteurs afin que l&rsquo;activit\u00e9, bien que difficile, soit amusante.<br \/>\nPour les tout-petits, il est important qu&rsquo;ils sachent d\u00e9j\u00e0 nager et marcher.[\/vc_column_text][\/vc_column_inner][\/vc_row_inner][vc_empty_space height=\u00a0\u00bb60px\u00a0\u00bb][\/vc_column][\/vc_row][vc_row css_animation=\u00a0\u00bbfadeIn\u00a0\u00bb][vc_column width=\u00a0\u00bb1\/4&Prime;][vc_column_text css=\u00a0\u00bb\u00a0\u00bb]<\/p>\n<h3><span style=\"color: #26456a;\">01<\/span><\/h3>\n<h3>contactez-nous<\/h3>\n<p>Vous pouvez nous appeler ou utiliser le formulaire de contact sur le site web.[\/vc_column_text][\/vc_column][vc_column width=\u00a0\u00bb1\/4&Prime;][vc_column_text css=\u00a0\u00bb\u00a0\u00bb]<\/p>\n<h3><span style=\"color: #26456a;\">02<\/span><\/h3>\n<h3>nous choisissons le chemin ensemble<\/h3>\n<p>En fonction de votre exp\u00e9rience, de votre entra\u00eenement sportif et de vos souhaits, nous trouverons ensemble le canyon le mieux adapt\u00e9 \u00e0 vos besoins.[\/vc_column_text][\/vc_column][vc_column width=\u00a0\u00bb1\/4&Prime;][vc_column_text css=\u00a0\u00bb\u00a0\u00bb]<\/p>\n<h3><span style=\"color: #26456a;\">03<\/span><\/h3>\n<h3>faisons un peu de bureaucratie<\/h3>\n<p>Nous vous enverrons par e-mail toutes les informations et les conditions de participation \u00e0 l&rsquo;activit\u00e9.[\/vc_column_text][\/vc_column][vc_column width=\u00a0\u00bb1\/4&Prime;][vc_column_text css=\u00a0\u00bb\u00a0\u00bb]<\/p>\n<h3><span style=\"color: #26456a;\">04<\/span><\/h3>\n<h3>se retrouver au lieu de rendez-vous indiqu\u00e9<\/h3>\n<p>Nous nous r\u00e9jouissons de vous voir le matin de l&rsquo;activit\u00e9 ![\/vc_column_text][\/vc_column][\/vc_row][vc_row full_width=\u00a0\u00bbstretch_row_content\u00a0\u00bb css_animation=\u00a0\u00bbnone\u00a0\u00bb css=\u00a0\u00bb.vc_custom_1738329684268{background-color: #A7BBBC !important;background-position: center !important;background-repeat: no-repeat !important;background-size: cover !important;}\u00a0\u00bb][vc_column width=\u00a0\u00bb1\/2&Prime; css=\u00a0\u00bb.vc_custom_1737477710055{background-color: #A7BBBC00 !important;}\u00a0\u00bb][vc_column_text css=\u00a0\u00bb.vc_custom_1738763454985{margin-right: 3% !important;margin-left: 3% !important;}\u00a0\u00bb]<\/p>\n<h3>Mat\u00e9riau fourni :<\/h3>\n<p>Le prix de l&rsquo;activit\u00e9 comprend le pr\u00eat de l&rsquo;\u00e9quipement technique sp\u00e9cifique au canyon que nous fournissons :<\/p>\n<p><strong>COMBINAISON EN N\u00c9OPR\u00c8NE<\/strong><\/p>\n<p><strong>CHAUSSETTES EN N\u00c9OPR\u00c8NE<\/strong><\/p>\n<p><strong>HARNAIS AVEC<\/strong><\/p>\n<p><strong>DESCENDER ET LONGES<\/strong><\/p>\n<p><strong>CASQUE<\/strong><\/p>\n<p>Tous les \u00e9quipements de protection individuelle utilis\u00e9s sont conformes \u00e0 la r\u00e9glementation en vigueur et font l&rsquo;objet de contr\u00f4les r\u00e9guliers.<br \/>\nAu moment de la r\u00e9servation, nous vous demanderons<br \/>\nla taille et le poids de tous les participants afin de choisir le mat\u00e9riau le plus adapt\u00e9 \u00e0 la morphologie de chacun.[\/vc_column_text][\/vc_column][vc_column width=\u00a0\u00bb1\/2&Prime; css=\u00a0\u00bb.vc_custom_1737477772077{background-image: url(https:\/\/testsito.italiancanyoning.it\/wp-content\/uploads\/2022\/01\/itaca-canyoning-in-toscana-59_websize.jpg?id=809) !important;background-position: center !important;background-repeat: no-repeat !important;background-size: cover !important;}\u00a0\u00bb][vc_empty_space height=\u00a0\u00bb600px\u00a0\u00bb][\/vc_column][\/vc_row][vc_row full_width=\u00a0\u00bbstretch_row_content\u00a0\u00bb css_animation=\u00a0\u00bbnone\u00a0\u00bb css=\u00a0\u00bb.vc_custom_1738329690192{background-color: #A7BBBC !important;}\u00a0\u00bb][vc_column width=\u00a0\u00bb1\/2&Prime; css=\u00a0\u00bb.vc_custom_1737477848332{background-image: url(https:\/\/testsito.italiancanyoning.it\/wp-content\/uploads\/2022\/01\/itaca-canyoning-in-toscana-3_websize.jpg?id=803) !important;background-position: center !important;background-repeat: no-repeat !important;background-size: cover !important;}\u00a0\u00bb][vc_empty_space height=\u00a0\u00bb600px\u00a0\u00bb][\/vc_column][vc_column width=\u00a0\u00bb1\/2&Prime;][vc_column_text css=\u00a0\u00bb.vc_custom_1738763491320{margin-right: 3% !important;margin-left: 3% !important;}\u00a0\u00bb]<\/p>\n<h3>CE QU&rsquo;IL FAUT APPORTER :<\/h3>\n<p><strong>UNE PAIRE DE CHAUSSURES DE SPORT OU DE RANDONN\u00c9E EN BON \u00c9TAT<\/strong><\/p>\n<p><strong>UN MAILLOT DE BAIN<\/strong><\/p>\n<p><strong>UN MAILLOT EN POLYESTER POUR LES PLUS FRILEUX<\/strong><\/p>\n<p><strong>UNE BOUTEILLE D&rsquo;EAU<\/strong><\/p>\n<p><strong>UN EN-CAS POUR LES TRAJETS DE LA JOURN\u00c9E<\/strong><\/p>\n<p><strong>DES LENTILLES DE CONTACT JETABLES DE RECHANGE<\/strong><\/p>\n<p><strong>LANI\u00c8RE DE FIXATION DES LUNETTES<\/strong><\/p>\n<p>Pour la descente, vous aurez besoin d&rsquo;une paire de baskets ou de chaussures de randonn\u00e9e. Les sandales et les \u00ab\u00a0aqua-shoes\u00a0\u00bb de toutes sortes sont strictement interdites. Le guide se r\u00e9serve le droit de refuser la participation \u00e0 l&rsquo;activit\u00e9 en cas de chaussures inadapt\u00e9es.[\/vc_column_text][\/vc_column][\/vc_row][vc_row css_animation=\u00a0\u00bbnone\u00a0\u00bb][vc_column][vc_column_text css=\u00a0\u00bb\u00a0\u00bb]<\/p>\n<h3>Conditions d&rsquo;achat<\/h3>\n<p>[\/vc_column_text][\/vc_column][\/vc_row][vc_row full_width=\u00a0\u00bbstretch_row_content\u00a0\u00bb css_animation=\u00a0\u00bbnone\u00a0\u00bb][vc_column width=\u00a0\u00bb1\/3&Prime;][vc_single_image image=\u00a0\u00bb956&Prime; img_size=\u00a0\u00bbfull\u00a0\u00bb alignment=\u00a0\u00bbcenter\u00a0\u00bb style=\u00a0\u00bbvc_box_shadow_border\u00a0\u00bb css=\u00a0\u00bb\u00a0\u00bb][\/vc_column][vc_column width=\u00a0\u00bb2\/3&Prime;][vc_tta_tabs active_section=\u00a0\u00bb1&Prime;][vc_tta_section title=\u00a0\u00bb\u00c9tat physique\u00a0\u00bb tab_id=\u00a0\u00bb1737478049168-1c60eb3c-470fbc7b-e107&Prime;][vc_column_text css=\u00a0\u00bb\u00a0\u00bb]Le canyoning est une activit\u00e9 sportive de plein air qui se d\u00e9roule en milieu naturel. La pr\u00e9sence de risques environnementaux objectifs exige que les participants soient en bonne condition physique. Tout probl\u00e8me concernant leur \u00e9tat g\u00e9n\u00e9ral, en particulier les probl\u00e8mes cardiaques, respiratoires, musculo-squelettiques et de poids, doit \u00eatre signal\u00e9 au moment de la r\u00e9servation.[\/vc_column_text][\/vc_tta_section][vc_tta_section title=\u00a0\u00bbAnnulations\u00a0\u00bb tab_id=\u00a0\u00bb1737478049177-517d43fb-816cbc7b-e107&Prime;][vc_column_text css=\u00a0\u00bb\u00a0\u00bb]Il est possible d\u2019annuler l\u2019activit\u00e9 avec un pr\u00e9avis de <strong>48 heures<\/strong> ; l\u2019annulation dans les 48 heures entra\u00eene la perte de l\u2019acompte vers\u00e9 au moment de la r\u00e9servation.<br \/>\nSi vous avez r\u00e9serv\u00e9 pour un groupe, il vous appartiendra de veiller \u00e0 ce que tous les participants soient pr\u00e9sents le jour pr\u00e9vu. <strong>En cas de conditions m\u00e9t\u00e9orologiques instables<\/strong>, seul le guide peut annuler la sortie \u00e0 tout moment s\u2019il juge les conditions de s\u00e9curit\u00e9 insuffisantes (orages violents, pluie, temp\u00e9ratures trop basses\u2026). Dans ce cas, l\u2019acompte sera bien entendu rembours\u00e9.[\/vc_column_text][\/vc_tta_section][vc_tta_section title=\u00a0\u00bbRetards\u00a0\u00bb tab_id=\u00a0\u00bb1737478057637-963b5d86-df54bc7b-e107&Prime;][vc_column_text css=\u00a0\u00bb\u00a0\u00bb]Au moment de la r\u00e9servation, nous vous indiquerons une date et une heure, ainsi qu\u2019un itin\u00e9raire sur Google Maps pour vous rendre sur place. Vous pouvez \u00e9galement t\u00e9l\u00e9charger un PDF sur notre site web avec toutes les informations sur l\u2019activit\u00e9 et une description d\u00e9taill\u00e9e du lieu.<br \/>\nIl est conseill\u00e9 d\u2019anticiper : nos canyons sont souvent accessibles par de petites routes de montagne qui ne sont pas toujours \u00e9videntes. En cas de retard de plus de 20 minutes, le guide commencera l\u2019activit\u00e9 sans vous attendre. Cela entra\u00eene la perte de l\u2019acompte.[\/vc_column_text][\/vc_tta_section][vc_tta_section title=\u00a0\u00bbS\u00e9curit\u00e9\u00a0\u00bb tab_id=\u00a0\u00bb1737478059286-6841b65b-51b3bc7b-e107&Prime;][vc_column_text css=\u00a0\u00bb\u00a0\u00bb]Suivre les indications de votre guide est la condition de base pour une descente s\u00fbre et agr\u00e9able.<br \/>\nDes chaussures de sport (baskets, chaussures de trail, chaussures de trekking\u2026) en bon \u00e9tat sont obligatoires pour l\u2019activit\u00e9, et les sandales, quelles qu\u2019elles soient, sont absolument interdites car inappropri\u00e9es.<br \/>\nIl est bien s\u00fbr absolument interdit de pratiquer l\u2019activit\u00e9 en \u00e9tat d\u2019\u00e9bri\u00e9t\u00e9 et sous l\u2019influence de drogues.<br \/>\nLe non-respect de ces conditions autorise le guide \u00e0 refuser la participation \u00e0 l\u2019activit\u00e9 pour des raisons \u00e9videntes de s\u00e9curit\u00e9.[\/vc_column_text][\/vc_tta_section][vc_tta_section title=\u00a0\u00bbAssurance\u00a0\u00bb tab_id=\u00a0\u00bb1737478060280-cce1be5b-ee79bc7b-e107&Prime;][vc_column_text css=\u00a0\u00bb\u00a0\u00bb]Le guide b\u00e9n\u00e9ficie de l\u2019assurance civile professionnelle n\u00e9cessaire \u00e0 l\u2019exercice de la profession.[\/vc_column_text][\/vc_tta_section][\/vc_tta_tabs][\/vc_column][\/vc_row]<\/p>\n<\/div>","protected":false},"excerpt":{"rendered":"<p>[vc_row full_width=\u00a0\u00bbstretch_row_content\u00a0\u00bb css_animation=\u00a0\u00bbfadeIn\u00a0\u00bb css=\u00a0\u00bb.vc_custom_1738329662073{background: #A7BBBC url(https:\/\/testsito.italiancanyoning.it\/wp-content\/uploads\/2021\/03\/Texture-1-1.svg?id=437) !important;background-position: center !important;background-repeat: no-repeat [&hellip;]<\/p>\n","protected":false},"author":3,"featured_media":0,"parent":0,"menu_order":0,"comment_status":"closed","ping_status":"closed","template":"template-fullwidth-no-heading.php","meta":{"footnotes":""},"class_list":["post-1604","page","type-page","status-publish","hentry"],"yoast_head":"<!-- This site is optimized with the Yoast SEO plugin v24.4 - https:\/\/yoast.com\/wordpress\/plugins\/seo\/ -->\n<title>Informations - Itaca Canyoning<\/title>\n<meta name=\"robots\" content=\"index, follow, max-snippet:-1, max-image-preview:large, max-video-preview:-1\" \/>\n<link rel=\"canonical\" href=\"https:\/\/testsito.italiancanyoning.it\/fr\/info-canyoning-italie\/\" \/>\n<meta property=\"og:locale\" content=\"fr_FR\" \/>\n<meta property=\"og:type\" content=\"article\" \/>\n<meta property=\"og:title\" content=\"Informations - Itaca Canyoning\" \/>\n<meta property=\"og:description\" content=\"[vc_row full_width=\u00a0\u00bbstretch_row_content\u00a0\u00bb css_animation=\u00a0\u00bbfadeIn\u00a0\u00bb css=\u00a0\u00bb.vc_custom_1738329662073{background: #A7BBBC url(https:\/\/testsito.italiancanyoning.it\/wp-content\/uploads\/2021\/03\/Texture-1-1.svg?id=437) !important;background-position: center !important;background-repeat: no-repeat [&hellip;]\" \/>\n<meta property=\"og:url\" content=\"https:\/\/testsito.italiancanyoning.it\/fr\/info-canyoning-italie\/\" \/>\n<meta property=\"og:site_name\" content=\"Itaca Canyoning\" \/>\n<meta property=\"article:modified_time\" content=\"2025-02-05T13:54:03+00:00\" \/>\n<meta name=\"twitter:card\" content=\"summary_large_image\" \/>\n<meta name=\"twitter:label1\" content=\"Dur\u00e9e de lecture estim\u00e9e\" \/>\n\t<meta name=\"twitter:data1\" content=\"7 minutes\" \/>\n<script type=\"application\/ld+json\" class=\"yoast-schema-graph\">{\"@context\":\"https:\/\/schema.org\",\"@graph\":[{\"@type\":\"WebPage\",\"@id\":\"https:\/\/testsito.italiancanyoning.it\/fr\/info-canyoning-italie\/\",\"url\":\"https:\/\/testsito.italiancanyoning.it\/fr\/info-canyoning-italie\/\",\"name\":\"Informations - Itaca Canyoning\",\"isPartOf\":{\"@id\":\"https:\/\/testsito.italiancanyoning.it\/fr\/#website\"},\"datePublished\":\"2021-04-21T08:53:30+00:00\",\"dateModified\":\"2025-02-05T13:54:03+00:00\",\"breadcrumb\":{\"@id\":\"https:\/\/testsito.italiancanyoning.it\/fr\/info-canyoning-italie\/#breadcrumb\"},\"inLanguage\":\"fr-FR\",\"potentialAction\":[{\"@type\":\"ReadAction\",\"target\":[\"https:\/\/testsito.italiancanyoning.it\/fr\/info-canyoning-italie\/\"]}]},{\"@type\":\"BreadcrumbList\",\"@id\":\"https:\/\/testsito.italiancanyoning.it\/fr\/info-canyoning-italie\/#breadcrumb\",\"itemListElement\":[{\"@type\":\"ListItem\",\"position\":1,\"name\":\"Home\",\"item\":\"https:\/\/testsito.italiancanyoning.it\/fr\/home-type-a\/\"},{\"@type\":\"ListItem\",\"position\":2,\"name\":\"Informations\"}]},{\"@type\":\"WebSite\",\"@id\":\"https:\/\/testsito.italiancanyoning.it\/fr\/#website\",\"url\":\"https:\/\/testsito.italiancanyoning.it\/fr\/\",\"name\":\"Itaca Canyoning\",\"description\":\"Scivola nell&#039;avventura, l&#039;esperienza del torrentismo ti aspetta!\",\"publisher\":{\"@id\":\"https:\/\/testsito.italiancanyoning.it\/fr\/#organization\"},\"potentialAction\":[{\"@type\":\"SearchAction\",\"target\":{\"@type\":\"EntryPoint\",\"urlTemplate\":\"https:\/\/testsito.italiancanyoning.it\/fr\/?s={search_term_string}\"},\"query-input\":{\"@type\":\"PropertyValueSpecification\",\"valueRequired\":true,\"valueName\":\"search_term_string\"}}],\"inLanguage\":\"fr-FR\"},{\"@type\":\"Organization\",\"@id\":\"https:\/\/testsito.italiancanyoning.it\/fr\/#organization\",\"name\":\"Itaca Canyoning\",\"url\":\"https:\/\/testsito.italiancanyoning.it\/fr\/\",\"logo\":{\"@type\":\"ImageObject\",\"inLanguage\":\"fr-FR\",\"@id\":\"https:\/\/testsito.italiancanyoning.it\/fr\/#\/schema\/logo\/image\/\",\"url\":\"https:\/\/testsito.italiancanyoning.it\/wp-content\/uploads\/2024\/12\/itaca-canyoning-logo60.png\",\"contentUrl\":\"https:\/\/testsito.italiancanyoning.it\/wp-content\/uploads\/2024\/12\/itaca-canyoning-logo60.png\",\"width\":215,\"height\":60,\"caption\":\"Itaca Canyoning\"},\"image\":{\"@id\":\"https:\/\/testsito.italiancanyoning.it\/fr\/#\/schema\/logo\/image\/\"}}]}<\/script>\n<!-- \/ Yoast SEO plugin. -->","yoast_head_json":{"title":"Informations - Itaca Canyoning","robots":{"index":"index","follow":"follow","max-snippet":"max-snippet:-1","max-image-preview":"max-image-preview:large","max-video-preview":"max-video-preview:-1"},"canonical":"https:\/\/testsito.italiancanyoning.it\/fr\/info-canyoning-italie\/","og_locale":"fr_FR","og_type":"article","og_title":"Informations - Itaca Canyoning","og_description":"[vc_row full_width=\u00a0\u00bbstretch_row_content\u00a0\u00bb css_animation=\u00a0\u00bbfadeIn\u00a0\u00bb css=\u00a0\u00bb.vc_custom_1738329662073{background: #A7BBBC url(https:\/\/testsito.italiancanyoning.it\/wp-content\/uploads\/2021\/03\/Texture-1-1.svg?id=437) !important;background-position: center !important;background-repeat: no-repeat [&hellip;]","og_url":"https:\/\/testsito.italiancanyoning.it\/fr\/info-canyoning-italie\/","og_site_name":"Itaca Canyoning","article_modified_time":"2025-02-05T13:54:03+00:00","twitter_card":"summary_large_image","twitter_misc":{"Dur\u00e9e de lecture estim\u00e9e":"7 minutes"},"schema":{"@context":"https:\/\/schema.org","@graph":[{"@type":"WebPage","@id":"https:\/\/testsito.italiancanyoning.it\/fr\/info-canyoning-italie\/","url":"https:\/\/testsito.italiancanyoning.it\/fr\/info-canyoning-italie\/","name":"Informations - Itaca Canyoning","isPartOf":{"@id":"https:\/\/testsito.italiancanyoning.it\/fr\/#website"},"datePublished":"2021-04-21T08:53:30+00:00","dateModified":"2025-02-05T13:54:03+00:00","breadcrumb":{"@id":"https:\/\/testsito.italiancanyoning.it\/fr\/info-canyoning-italie\/#breadcrumb"},"inLanguage":"fr-FR","potentialAction":[{"@type":"ReadAction","target":["https:\/\/testsito.italiancanyoning.it\/fr\/info-canyoning-italie\/"]}]},{"@type":"BreadcrumbList","@id":"https:\/\/testsito.italiancanyoning.it\/fr\/info-canyoning-italie\/#breadcrumb","itemListElement":[{"@type":"ListItem","position":1,"name":"Home","item":"https:\/\/testsito.italiancanyoning.it\/fr\/home-type-a\/"},{"@type":"ListItem","position":2,"name":"Informations"}]},{"@type":"WebSite","@id":"https:\/\/testsito.italiancanyoning.it\/fr\/#website","url":"https:\/\/testsito.italiancanyoning.it\/fr\/","name":"Itaca Canyoning","description":"Scivola nell&#039;avventura, l&#039;esperienza del torrentismo ti aspetta!","publisher":{"@id":"https:\/\/testsito.italiancanyoning.it\/fr\/#organization"},"potentialAction":[{"@type":"SearchAction","target":{"@type":"EntryPoint","urlTemplate":"https:\/\/testsito.italiancanyoning.it\/fr\/?s={search_term_string}"},"query-input":{"@type":"PropertyValueSpecification","valueRequired":true,"valueName":"search_term_string"}}],"inLanguage":"fr-FR"},{"@type":"Organization","@id":"https:\/\/testsito.italiancanyoning.it\/fr\/#organization","name":"Itaca Canyoning","url":"https:\/\/testsito.italiancanyoning.it\/fr\/","logo":{"@type":"ImageObject","inLanguage":"fr-FR","@id":"https:\/\/testsito.italiancanyoning.it\/fr\/#\/schema\/logo\/image\/","url":"https:\/\/testsito.italiancanyoning.it\/wp-content\/uploads\/2024\/12\/itaca-canyoning-logo60.png","contentUrl":"https:\/\/testsito.italiancanyoning.it\/wp-content\/uploads\/2024\/12\/itaca-canyoning-logo60.png","width":215,"height":60,"caption":"Itaca Canyoning"},"image":{"@id":"https:\/\/testsito.italiancanyoning.it\/fr\/#\/schema\/logo\/image\/"}}]}},"_links":{"self":[{"href":"https:\/\/testsito.italiancanyoning.it\/fr\/wp-json\/wp\/v2\/pages\/1604","targetHints":{"allow":["GET"]}}],"collection":[{"href":"https:\/\/testsito.italiancanyoning.it\/fr\/wp-json\/wp\/v2\/pages"}],"about":[{"href":"https:\/\/testsito.italiancanyoning.it\/fr\/wp-json\/wp\/v2\/types\/page"}],"author":[{"embeddable":true,"href":"https:\/\/testsito.italiancanyoning.it\/fr\/wp-json\/wp\/v2\/users\/3"}],"replies":[{"embeddable":true,"href":"https:\/\/testsito.italiancanyoning.it\/fr\/wp-json\/wp\/v2\/comments?post=1604"}],"version-history":[{"count":8,"href":"https:\/\/testsito.italiancanyoning.it\/fr\/wp-json\/wp\/v2\/pages\/1604\/revisions"}],"predecessor-version":[{"id":7596,"href":"https:\/\/testsito.italiancanyoning.it\/fr\/wp-json\/wp\/v2\/pages\/1604\/revisions\/7596"}],"wp:attachment":[{"href":"https:\/\/testsito.italiancanyoning.it\/fr\/wp-json\/wp\/v2\/media?parent=1604"}],"curies":[{"name":"wp","href":"https:\/\/api.w.org\/{rel}","templated":true}]}}